{"id":4554,"date":"2022-07-21T10:07:09","date_gmt":"2022-07-21T08:07:09","guid":{"rendered":"https:\/\/bizkaikotortillakopa.eus\/inskripzio\/"},"modified":"2023-09-19T10:31:45","modified_gmt":"2023-09-19T08:31:45","slug":"izen-emateak","status":"publish","type":"page","link":"https:\/\/bizkaikotortillakopa.eus\/eu\/izen-emateak\/","title":{"rendered":"Izen-emateak"},"content":{"rendered":"<div class=\"wpb-content-wrapper\"><p>[vc_row][vc_column]<h1 class=\"sc_title sc_title_regular sc_align_center\" style=\"text-align:center;\">BIZKAIKO TORTILLA KOPAN IZENA EMATEKO ESKABIDEA<\/h1>[\/vc_column][\/vc_row][vc_row][vc_column][vc_empty_space height=&#8221;20 px&#8221;][vc_column_text]<\/p>\n<h4><strong><span style=\"color: #000000;\">Eskabidea bidali aurretik, irakurri, mesedez, <span style=\"color: #ffcc00;\"><a style=\"color: #ffcc00;\" href=\"https:\/\/bizkaikotortillakopa.eus\/eu\/lege-oinarriak\/\" target=\"_blank\" rel=\"noopener\">Bizkaiko Tortilla Kopako oinarri legalak<\/a><\/span>, eta egiaztatu <span style=\"color: #ff0000;\">eskatzen ditugun<\/span> <span style=\"color: #ff0000;\">baldintza guztiak betetzen dituzula<\/span> eta bat zatozela txapelketa arautzen duten arauekin. <\/span><\/strong><\/h4>\n<h4><strong><span style=\"color: #000000;\">Zalantzarik izanez gero, jarri harremanetan Bizkaiko Ostalaritza Elkartearekin 944356660 telefonoan.<\/span><\/strong><\/h4>\n<p>[\/vc_column_text][vc_empty_space height=&#8221;100 px&#8221;][\/vc_column][\/vc_row][vc_row][vc_column][vc_single_image image=&#8221;3972&#8243; img_size=&#8221;full&#8221;][vc_empty_space height=&#8221;50 px&#8221;][\/vc_column][\/vc_row][vc_row][vc_column]<h2 class=\"sc_title sc_title_regular sc_align_center\" style=\"text-align:center;\"><span style=\"color: #000000;\"><strong>IZENA EMATEKO FORMULARIOA<\/strong><\/span><\/h2>[vc_empty_space height=&#8221;50 px&#8221;][\/vc_column][\/vc_row][vc_row full_width=&#8221;stretch_row_content&#8221; content_placement=&#8221;middle&#8221; inverse=&#8221;&#8221; css=&#8221;.vc_custom_1694114764689{background-image: url(https:\/\/bizkaikotortillakopa.eus\/wp-content\/uploads\/2023\/09\/fondo_palmares_bizkaiko_tortilla_kopa-1.jpg?id=3726) !important;}&#8221;][vc_column width=&#8221;1\/5&#8243;][vc_empty_space height=&#8221;50 px&#8221;][\/vc_column][vc_column width=&#8221;3\/5&#8243;][vc_empty_space height=&#8221;50 px&#8221;]\n<div class=\"wpcf7 no-js\" id=\"wpcf7-f2257-o1\" lang=\"es-ES\" dir=\"ltr\" data-wpcf7-id=\"2257\">\n<div class=\"screen-reader-response\"><p role=\"status\" aria-live=\"polite\" aria-atomic=\"true\"><\/p> <ul><\/ul><\/div>\n<form action=\"\/eu\/wp-json\/wp\/v2\/pages\/4554#wpcf7-f2257-o1\" method=\"post\" class=\"wpcf7-form init\" aria-label=\"Contact form\" novalidate=\"novalidate\" data-status=\"init\">\n<fieldset class=\"hidden-fields-container\"><input type=\"hidden\" name=\"_wpcf7\" value=\"2257\" \/><input type=\"hidden\" name=\"_wpcf7_version\" value=\"6.1.5\" \/><input type=\"hidden\" name=\"_wpcf7_locale\" value=\"es_ES\" \/><input type=\"hidden\" name=\"_wpcf7_unit_tag\" value=\"wpcf7-f2257-o1\" \/><input type=\"hidden\" name=\"_wpcf7_container_post\" value=\"0\" \/><input type=\"hidden\" name=\"_wpcf7_posted_data_hash\" value=\"\" \/><input type=\"hidden\" name=\"_wpcf7_recaptcha_response\" value=\"\" \/>\n<\/fieldset>\n<div class=\"sc_form\">\n<p>NOMBRE DEL LOCAL (Requerido)<br \/>\n<span class=\"wpcf7-form-control-wrap\" data-name=\"text-200\"><input size=\"40\" maxlength=\"400\" class=\"wpcf7-form-control wpcf7-text wpcf7-validates-as-required\" id=\"local\" aria-required=\"true\" aria-invalid=\"false\" placeholder=\"NOMBRE DEL LOCAL\" value=\"\" type=\"text\" name=\"text-200\" \/><\/span>\n<p>\u00bfERES ASOCIAD@ DE LA ASOCIACI\u00d3N DE HOSTELER\u00cdA DE BIZKAIA? (Requerido)<br \/>\n<span class=\"wpcf7-form-control-wrap\" data-name=\"menu-211\"><select class=\"wpcf7-form-control wpcf7-select wpcf7-validates-as-required\" aria-required=\"true\" aria-invalid=\"false\" name=\"menu-211\"><option value=\"\">&#8212;Please choose an option&#8212;<\/option><option value=\"SI\">SI<\/option><option value=\"NO\">NO<\/option><\/select><\/span>\n<p>DIRECCI\u00d3N DEL LOCAL HOSTELERO (Requerido)<br \/>\n<span class=\"wpcf7-form-control-wrap\" data-name=\"text-201\"><input size=\"40\" maxlength=\"400\" class=\"wpcf7-form-control wpcf7-text wpcf7-validates-as-required\" id=\"direccion\" aria-required=\"true\" aria-invalid=\"false\" placeholder=\"DIRECCI\u00d3N DEL LOCAL\" value=\"\" type=\"text\" name=\"text-201\" \/><\/span>\n<p>CIUDAD (Requerido)<br \/>\n<span class=\"wpcf7-form-control-wrap\" data-name=\"text-202\"><input size=\"40\" maxlength=\"400\" class=\"wpcf7-form-control wpcf7-text wpcf7-validates-as-required\" id=\"ciudad\" aria-required=\"true\" aria-invalid=\"false\" placeholder=\"CIUDAD\" value=\"\" type=\"text\" name=\"text-202\" \/><\/span>\n<p>E-MAIL DE CONTACTO PARA NOTIFICACIONES (Requerido)<br \/>\n<span class=\"wpcf7-form-control-wrap\" data-name=\"your-email\"><input size=\"40\" maxlength=\"400\" class=\"wpcf7-form-control wpcf7-email wpcf7-validates-as-required wpcf7-text wpcf7-validates-as-email\" id=\"nombre\" aria-required=\"true\" aria-invalid=\"false\" placeholder=\"E-MAIL DE CONTACTO\" value=\"\" type=\"email\" name=\"your-email\" \/><\/span> <\/p>\n<p>NOMBRE Y APELLIDO DE LA PERSONA RESPONSABLE DEL LOCAL (Requerido)<br \/>\n<span class=\"wpcf7-form-control-wrap\" data-name=\"your-name\"><input size=\"40\" maxlength=\"400\" class=\"wpcf7-form-control wpcf7-text wpcf7-validates-as-required\" aria-required=\"true\" aria-invalid=\"false\" placeholder=\"NOMBRE Y APELLIDO DE RESPONSABLE\" value=\"\" type=\"text\" name=\"your-name\" \/><\/span>\n<p>TEL\u00c9FONO M\u00d3VIL DE LA PERSONA RESPONSABLE DEL LOCAL (Requerido)<br \/>\n<span class=\"wpcf7-form-control-wrap\" data-name=\"text-203\"><input size=\"40\" maxlength=\"400\" class=\"wpcf7-form-control wpcf7-text wpcf7-validates-as-required\" id=\"movil\" aria-required=\"true\" aria-invalid=\"false\" placeholder=\"TEL\u00c9FONO M\u00d3VIL DE CONTACTO\" value=\"\" type=\"text\" name=\"text-203\" \/><\/span> <\/p>\n<p>TEL\u00c9FONO FIJO DEL LOCAL (Requerido)<br \/>\n<span class=\"wpcf7-form-control-wrap\" data-name=\"text-204\"><input size=\"40\" maxlength=\"400\" class=\"wpcf7-form-control wpcf7-text wpcf7-validates-as-required\" id=\"fijo\" aria-required=\"true\" aria-invalid=\"false\" placeholder=\"TEL\u00c9FONO FIJO DEL LOCAL\" value=\"\" type=\"text\" name=\"text-204\" \/><\/span> <\/p>\n<p>D\u00cdA O D\u00cdAS DE CIERRE POR DESCANSO SEMANAL EL LOCAL (Requerido)<br \/>\n<span class=\"wpcf7-form-control-wrap\" data-name=\"text-205\"><input size=\"40\" maxlength=\"400\" class=\"wpcf7-form-control wpcf7-text wpcf7-validates-as-required\" id=\"descanso\" aria-required=\"true\" aria-invalid=\"false\" placeholder=\"D\u00cdA O D\u00cdAS DE CIERRE POR DESCANSO\" value=\"\" type=\"text\" name=\"text-205\" \/><\/span>\n<p>HORARIO EN EL QUE EST\u00c1 DISPONIBLE LA TORTILLA EN EL LOCAL (Requerido)<br \/>\n<span class=\"wpcf7-form-control-wrap\" data-name=\"text-206\"><input size=\"40\" maxlength=\"400\" class=\"wpcf7-form-control wpcf7-text wpcf7-validates-as-required\" aria-required=\"true\" aria-invalid=\"false\" placeholder=\"HORARIO EN EL QUE EST\u00c1 DISPONIBLE LA TORTILLA EN EL LOCAL\" value=\"\" type=\"text\" name=\"text-206\" \/><\/span>\n<BR>\n<BR>\n<BR>\n<span class=\"wpcf7-form-control-wrap\" data-name=\"acceptance-555\"><span class=\"wpcf7-form-control wpcf7-acceptance\"><span class=\"wpcf7-list-item\"><label><input type=\"checkbox\" name=\"acceptance-555\" value=\"1\" id=\"autorizacion\" aria-invalid=\"false\" \/><span class=\"wpcf7-list-item-label\">Autorizo expresamente el env\u00edo de comunicaciones comerciales por parte de la Asociaci\u00f3n de Hosteler\u00eda de Bizkaia<br \/><\/p><\/span><\/label><\/span><\/span><\/span>\n<span class=\"wpcf7-form-control-wrap\" data-name=\"acceptance-666\"><span class=\"wpcf7-form-control wpcf7-acceptance\"><span class=\"wpcf7-list-item\"><label><input type=\"checkbox\" name=\"acceptance-666\" value=\"1\" id=\"privacidad\" aria-invalid=\"false\" \/><span class=\"wpcf7-list-item-label\">He le\u00eddo y acepto las condiciones indicadas en la <a href=\"https:\/\/www.bizkaikotortillakopa.eus\/politica-de-privacidad\/\" target=\"_blank\" rel=\"noopener noreferrer\">Pol\u00edtica de privacidad de Bizkaiko Tortilla Kopa<\/a><\/p><\/span><\/label><\/span><\/span><\/span><br>\n<BR>\n<BR>\n<p><span class=\"wpcf7-form-control-wrap recaptcha\" data-name=\"recaptcha\"><span data-sitekey=\"6LcZDQohAAAAACmLHkGhXJgy8aCQq3YSVOl1l2yZ\" data-align=\"center\" class=\"wpcf7-form-control wpcf7-recaptcha g-recaptcha\"><\/span>\r\n<noscript>\r\n\t<div class=\"grecaptcha-noscript\">\r\n\t\t<iframe loading=\"lazy\" src=\"https:\/\/www.google.com\/recaptcha\/api\/fallback?k=6LcZDQohAAAAACmLHkGhXJgy8aCQq3YSVOl1l2yZ\" frameborder=\"0\" scrolling=\"no\" width=\"310\" height=\"430\">\r\n\t\t<\/iframe>\r\n\t\t<textarea name=\"g-recaptcha-response\" rows=\"3\" cols=\"40\" placeholder=\"reCaptcha Response Here\">\r\n\t\t<\/textarea>\r\n\t<\/div>\r\n<\/noscript>\r\n<\/span><br><\/p>\n<BR>\n<p><input class=\"wpcf7-form-control wpcf7-submit has-spinner\" type=\"submit\" value=\"ENVIAR SOLICITUD DE INSCRIPCI\u00d3N\" \/><\/p>\n<\/div><p style=\"display: none !important;\" class=\"akismet-fields-container\" data-prefix=\"_wpcf7_ak_\"><label>&#916;<textarea name=\"_wpcf7_ak_hp_textarea\" cols=\"45\" rows=\"8\" maxlength=\"100\"><\/textarea><\/label><input type=\"hidden\" id=\"ak_js_1\" name=\"_wpcf7_ak_js\" value=\"63\"\/><script type=\"text\/javascript\">\n\/* <![CDATA[ *\/\ndocument.getElementById( \"ak_js_1\" ).setAttribute( \"value\", ( new Date() ).getTime() );\n\/* ]]> *\/\n<\/script>\n<\/p><div class=\"wpcf7-response-output\" aria-hidden=\"true\"><\/div>\n<\/form>\n<\/div>\n[vc_empty_space height=&#8221;50 px&#8221;][\/vc_column][vc_column width=&#8221;1\/5&#8243;][vc_empty_space height=&#8221;50 px&#8221;][\/vc_column][\/vc_row][vc_row row_height_percent=&#8221;0&#8243; override_padding=&#8221;yes&#8221; h_padding=&#8221;2&#8243; top_padding=&#8221;5&#8243; bottom_padding=&#8221;2&#8243; overlay_alpha=&#8221;100&#8243; gutter_size=&#8221;100&#8243; column_width_percent=&#8221;100&#8243; shift_y=&#8221;0&#8243; z_index=&#8221;0&#8243; style=&#8221;inherited&#8221;][vc_column column_width_use_pixel=&#8221;yes&#8221; align_horizontal=&#8221;align_center&#8221; gutter_size=&#8221;4&#8243; overlay_alpha=&#8221;100&#8243; shift_x=&#8221;0&#8243; shift_y=&#8221;0&#8243; z_index=&#8221;0&#8243; medium_width=&#8221;100&#8243; zoom_width=&#8221;0&#8243; zoom_height=&#8221;0&#8243; column_width_pixel=&#8221;1000&#8243;][vc_empty_space height=&#8221;50 px&#8221;][vc_empty_space height=&#8221;50 px&#8221;][vc_single_image image=&#8221;3981&#8243; img_size=&#8221;full&#8221; alignment=&#8221;center&#8221; media=&#8221;3403&#8243; media_width_percent=&#8221;50&#8243;][\/vc_column][\/vc_row][vc_row][vc_column][vc_empty_space height=&#8221;50 px&#8221;][vc_empty_space height=&#8221;50 px&#8221;][vc_empty_space height=&#8221;50 px&#8221;][\/vc_column][\/vc_row]<\/p>\n<\/div>","protected":false},"excerpt":{"rendered":"<p>[vc_row][vc_column][\/vc_column][\/vc_row][vc_row][vc_column][vc_empty_space height=&#8221;20 px&#8221;][vc_column_text] Eskabidea bidali aurretik, irakurri, mesedez, Bizkaiko Tortilla Kopako oinarri legalak, eta egiaztatu eskatzen ditugun baldintza guztiak betetzen dituzula eta bat zatozela txapelketa arautzen duten arauekin. Zalantzarik izanez gero, jarri harremanetan Bizkaiko Ostalaritza Elkartearekin 944356660 telefonoan. [\/vc_column_text][vc_empty_space height=&#8221;100 px&#8221;][\/vc_column][\/vc_row][vc_row][vc_column][vc_single_image image=&#8221;3972&#8243; img_size=&#8221;full&#8221;][vc_empty_space height=&#8221;50 px&#8221;][\/vc_column][\/vc_row][vc_row][vc_column][vc_empty_space height=&#8221;50 px&#8221;][\/vc_column][\/vc_row][vc_row full_width=&#8221;stretch_row_content&#8221; content_placement=&#8221;middle&#8221; inverse=&#8221;&#8221; css=&#8221;.vc_custom_1694114764689{background-image: url(https:\/\/bizkaikotortillakopa.eus\/wp-content\/uploads\/2023\/09\/fondo_palmares_bizkaiko_tortilla_kopa-1.jpg?id=3726) !important;}&#8221;][vc_column width=&#8221;1\/5&#8243;][vc_empty_space height=&#8221;50 [&hellip;]<\/p>\n","protected":false},"author":1,"featured_media":4520,"parent":0,"menu_order":0,"comment_status":"closed","ping_status":"closed","template":"","meta":{"footnotes":""},"class_list":["post-4554","page","type-page","status-publish","has-post-thumbnail","hentry"],"yoast_head":"<!-- This site is optimized with the Yoast SEO plugin v27.5 - https:\/\/yoast.com\/product\/yoast-seo-wordpress\/ -->\n<title>Izen-emateak - Bizkaiko Tortilla Kopa - Buscamos la mejor tortilla de patata de Bizkaia.<\/title>\n<meta name=\"robots\" content=\"index, follow, max-snippet:-1, max-image-preview:large, max-video-preview:-1\" \/>\n<link rel=\"canonical\" href=\"https:\/\/bizkaikotortillakopa.eus\/eu\/izen-emateak\/\" \/>\n<meta property=\"og:locale\" content=\"eu_ES\" \/>\n<meta property=\"og:type\" content=\"article\" \/>\n<meta property=\"og:title\" content=\"Izen-emateak - Bizkaiko Tortilla Kopa - Buscamos la mejor tortilla de patata de Bizkaia.\" \/>\n<meta property=\"og:description\" content=\"[vc_row][vc_column][\/vc_column][\/vc_row][vc_row][vc_column][vc_empty_space height=&#8221;20 px&#8221;][vc_column_text] Eskabidea bidali aurretik, irakurri, mesedez, Bizkaiko Tortilla Kopako oinarri legalak, eta egiaztatu eskatzen ditugun baldintza guztiak betetzen dituzula eta bat zatozela txapelketa arautzen duten arauekin. Zalantzarik izanez gero, jarri harremanetan Bizkaiko Ostalaritza Elkartearekin 944356660 telefonoan. [\/vc_column_text][vc_empty_space height=&#8221;100 px&#8221;][\/vc_column][\/vc_row][vc_row][vc_column][vc_single_image image=&#8221;3972&#8243; img_size=&#8221;full&#8221;][vc_empty_space height=&#8221;50 px&#8221;][\/vc_column][\/vc_row][vc_row][vc_column][vc_empty_space height=&#8221;50 px&#8221;][\/vc_column][\/vc_row][vc_row full_width=&#8221;stretch_row_content&#8221; content_placement=&#8221;middle&#8221; inverse=&#8221;&#8221; css=&#8221;.vc_custom_1694114764689{background-image: url(https:\/\/bizkaikotortillakopa.eus\/wp-content\/uploads\/2023\/09\/fondo_palmares_bizkaiko_tortilla_kopa-1.jpg?id=3726) !important;}&#8221;][vc_column width=&#8221;1\/5&#8243;][vc_empty_space height=&#8221;50 [&hellip;]\" \/>\n<meta property=\"og:url\" content=\"https:\/\/bizkaikotortillakopa.eus\/eu\/izen-emateak\/\" \/>\n<meta property=\"og:site_name\" content=\"Bizkaiko Tortilla Kopa - Buscamos la mejor tortilla de patata de Bizkaia.\" \/>\n<meta property=\"article:modified_time\" content=\"2023-09-19T08:31:45+00:00\" \/>\n<meta property=\"og:image\" content=\"https:\/\/bizkaikotortillakopa.eus\/wp-content\/uploads\/2023\/09\/jugadorescorriendo_bizkaikotortillakopa.jpg\" \/>\n\t<meta property=\"og:image:width\" content=\"1920\" \/>\n\t<meta property=\"og:image:height\" content=\"1080\" \/>\n\t<meta property=\"og:image:type\" content=\"image\/jpeg\" \/>\n<meta name=\"twitter:card\" content=\"summary_large_image\" \/>\n<meta name=\"twitter:label1\" content=\"Est. reading time\" \/>\n\t<meta name=\"twitter:data1\" content=\"1 minute\" \/>\n<script type=\"application\/ld+json\" class=\"yoast-schema-graph\">{\"@context\":\"https:\\\/\\\/schema.org\",\"@graph\":[{\"@type\":\"WebPage\",\"@id\":\"https:\\\/\\\/bizkaikotortillakopa.eus\\\/eu\\\/izen-emateak\\\/\",\"url\":\"https:\\\/\\\/bizkaikotortillakopa.eus\\\/eu\\\/izen-emateak\\\/\",\"name\":\"Izen-emateak - Bizkaiko Tortilla Kopa - Buscamos la mejor tortilla de patata de Bizkaia.\",\"isPartOf\":{\"@id\":\"https:\\\/\\\/bizkaikotortillakopa.eus\\\/eu\\\/#website\"},\"primaryImageOfPage\":{\"@id\":\"https:\\\/\\\/bizkaikotortillakopa.eus\\\/eu\\\/izen-emateak\\\/#primaryimage\"},\"image\":{\"@id\":\"https:\\\/\\\/bizkaikotortillakopa.eus\\\/eu\\\/izen-emateak\\\/#primaryimage\"},\"thumbnailUrl\":\"https:\\\/\\\/bizkaikotortillakopa.eus\\\/wp-content\\\/uploads\\\/2023\\\/09\\\/jugadorescorriendo_bizkaikotortillakopa.jpg\",\"datePublished\":\"2022-07-21T08:07:09+00:00\",\"dateModified\":\"2023-09-19T08:31:45+00:00\",\"breadcrumb\":{\"@id\":\"https:\\\/\\\/bizkaikotortillakopa.eus\\\/eu\\\/izen-emateak\\\/#breadcrumb\"},\"inLanguage\":\"eu-ES\",\"potentialAction\":[{\"@type\":\"ReadAction\",\"target\":[\"https:\\\/\\\/bizkaikotortillakopa.eus\\\/eu\\\/izen-emateak\\\/\"]}]},{\"@type\":\"ImageObject\",\"inLanguage\":\"eu-ES\",\"@id\":\"https:\\\/\\\/bizkaikotortillakopa.eus\\\/eu\\\/izen-emateak\\\/#primaryimage\",\"url\":\"https:\\\/\\\/bizkaikotortillakopa.eus\\\/wp-content\\\/uploads\\\/2023\\\/09\\\/jugadorescorriendo_bizkaikotortillakopa.jpg\",\"contentUrl\":\"https:\\\/\\\/bizkaikotortillakopa.eus\\\/wp-content\\\/uploads\\\/2023\\\/09\\\/jugadorescorriendo_bizkaikotortillakopa.jpg\",\"width\":1920,\"height\":1080},{\"@type\":\"BreadcrumbList\",\"@id\":\"https:\\\/\\\/bizkaikotortillakopa.eus\\\/eu\\\/izen-emateak\\\/#breadcrumb\",\"itemListElement\":[{\"@type\":\"ListItem\",\"position\":1,\"name\":\"Portada\",\"item\":\"https:\\\/\\\/bizkaikotortillakopa.eus\\\/eu\\\/hasiera\\\/\"},{\"@type\":\"ListItem\",\"position\":2,\"name\":\"Izen-emateak\"}]},{\"@type\":\"WebSite\",\"@id\":\"https:\\\/\\\/bizkaikotortillakopa.eus\\\/eu\\\/#website\",\"url\":\"https:\\\/\\\/bizkaikotortillakopa.eus\\\/eu\\\/\",\"name\":\"Bizkaiko Tortilla Kopa - La mejor tortilla de patata de Bizkaia.\",\"description\":\"\",\"publisher\":{\"@id\":\"https:\\\/\\\/bizkaikotortillakopa.eus\\\/eu\\\/#organization\"},\"potentialAction\":[{\"@type\":\"SearchAction\",\"target\":{\"@type\":\"EntryPoint\",\"urlTemplate\":\"https:\\\/\\\/bizkaikotortillakopa.eus\\\/eu\\\/?s={search_term_string}\"},\"query-input\":{\"@type\":\"PropertyValueSpecification\",\"valueRequired\":true,\"valueName\":\"search_term_string\"}}],\"inLanguage\":\"eu-ES\"},{\"@type\":\"Organization\",\"@id\":\"https:\\\/\\\/bizkaikotortillakopa.eus\\\/eu\\\/#organization\",\"name\":\"Bizkaiko Tortilla Kopa - La tortilla de patata de Bizkaia.\",\"url\":\"https:\\\/\\\/bizkaikotortillakopa.eus\\\/eu\\\/\",\"logo\":{\"@type\":\"ImageObject\",\"inLanguage\":\"eu-ES\",\"@id\":\"https:\\\/\\\/bizkaikotortillakopa.eus\\\/eu\\\/#\\\/schema\\\/logo\\\/image\\\/\",\"url\":\"https:\\\/\\\/bizkaikotortillakopa.eus\\\/wp-content\\\/uploads\\\/2024\\\/07\\\/logo-web-blanco-iii-bizkaiko-tortilla-kopa_footer_Mesa-de-trabajo-1-copia-e1721292204933.png\",\"contentUrl\":\"https:\\\/\\\/bizkaikotortillakopa.eus\\\/wp-content\\\/uploads\\\/2024\\\/07\\\/logo-web-blanco-iii-bizkaiko-tortilla-kopa_footer_Mesa-de-trabajo-1-copia-e1721292204933.png\",\"width\":200,\"height\":149,\"caption\":\"Bizkaiko Tortilla Kopa - La tortilla de patata de Bizkaia.\"},\"image\":{\"@id\":\"https:\\\/\\\/bizkaikotortillakopa.eus\\\/eu\\\/#\\\/schema\\\/logo\\\/image\\\/\"}}]}<\/script>\n<!-- \/ Yoast SEO plugin. -->","yoast_head_json":{"title":"Izen-emateak - Bizkaiko Tortilla Kopa - Buscamos la mejor tortilla de patata de Bizkaia.","robots":{"index":"index","follow":"follow","max-snippet":"max-snippet:-1","max-image-preview":"max-image-preview:large","max-video-preview":"max-video-preview:-1"},"canonical":"https:\/\/bizkaikotortillakopa.eus\/eu\/izen-emateak\/","og_locale":"eu_ES","og_type":"article","og_title":"Izen-emateak - Bizkaiko Tortilla Kopa - Buscamos la mejor tortilla de patata de Bizkaia.","og_description":"[vc_row][vc_column][\/vc_column][\/vc_row][vc_row][vc_column][vc_empty_space height=&#8221;20 px&#8221;][vc_column_text] Eskabidea bidali aurretik, irakurri, mesedez, Bizkaiko Tortilla Kopako oinarri legalak, eta egiaztatu eskatzen ditugun baldintza guztiak betetzen dituzula eta bat zatozela txapelketa arautzen duten arauekin. Zalantzarik izanez gero, jarri harremanetan Bizkaiko Ostalaritza Elkartearekin 944356660 telefonoan. [\/vc_column_text][vc_empty_space height=&#8221;100 px&#8221;][\/vc_column][\/vc_row][vc_row][vc_column][vc_single_image image=&#8221;3972&#8243; img_size=&#8221;full&#8221;][vc_empty_space height=&#8221;50 px&#8221;][\/vc_column][\/vc_row][vc_row][vc_column][vc_empty_space height=&#8221;50 px&#8221;][\/vc_column][\/vc_row][vc_row full_width=&#8221;stretch_row_content&#8221; content_placement=&#8221;middle&#8221; inverse=&#8221;&#8221; css=&#8221;.vc_custom_1694114764689{background-image: url(https:\/\/bizkaikotortillakopa.eus\/wp-content\/uploads\/2023\/09\/fondo_palmares_bizkaiko_tortilla_kopa-1.jpg?id=3726) !important;}&#8221;][vc_column width=&#8221;1\/5&#8243;][vc_empty_space height=&#8221;50 [&hellip;]","og_url":"https:\/\/bizkaikotortillakopa.eus\/eu\/izen-emateak\/","og_site_name":"Bizkaiko Tortilla Kopa - Buscamos la mejor tortilla de patata de Bizkaia.","article_modified_time":"2023-09-19T08:31:45+00:00","og_image":[{"width":1920,"height":1080,"url":"https:\/\/bizkaikotortillakopa.eus\/wp-content\/uploads\/2023\/09\/jugadorescorriendo_bizkaikotortillakopa.jpg","type":"image\/jpeg"}],"twitter_card":"summary_large_image","twitter_misc":{"Est. reading time":"1 minute"},"schema":{"@context":"https:\/\/schema.org","@graph":[{"@type":"WebPage","@id":"https:\/\/bizkaikotortillakopa.eus\/eu\/izen-emateak\/","url":"https:\/\/bizkaikotortillakopa.eus\/eu\/izen-emateak\/","name":"Izen-emateak - Bizkaiko Tortilla Kopa - Buscamos la mejor tortilla de patata de Bizkaia.","isPartOf":{"@id":"https:\/\/bizkaikotortillakopa.eus\/eu\/#website"},"primaryImageOfPage":{"@id":"https:\/\/bizkaikotortillakopa.eus\/eu\/izen-emateak\/#primaryimage"},"image":{"@id":"https:\/\/bizkaikotortillakopa.eus\/eu\/izen-emateak\/#primaryimage"},"thumbnailUrl":"https:\/\/bizkaikotortillakopa.eus\/wp-content\/uploads\/2023\/09\/jugadorescorriendo_bizkaikotortillakopa.jpg","datePublished":"2022-07-21T08:07:09+00:00","dateModified":"2023-09-19T08:31:45+00:00","breadcrumb":{"@id":"https:\/\/bizkaikotortillakopa.eus\/eu\/izen-emateak\/#breadcrumb"},"inLanguage":"eu-ES","potentialAction":[{"@type":"ReadAction","target":["https:\/\/bizkaikotortillakopa.eus\/eu\/izen-emateak\/"]}]},{"@type":"ImageObject","inLanguage":"eu-ES","@id":"https:\/\/bizkaikotortillakopa.eus\/eu\/izen-emateak\/#primaryimage","url":"https:\/\/bizkaikotortillakopa.eus\/wp-content\/uploads\/2023\/09\/jugadorescorriendo_bizkaikotortillakopa.jpg","contentUrl":"https:\/\/bizkaikotortillakopa.eus\/wp-content\/uploads\/2023\/09\/jugadorescorriendo_bizkaikotortillakopa.jpg","width":1920,"height":1080},{"@type":"BreadcrumbList","@id":"https:\/\/bizkaikotortillakopa.eus\/eu\/izen-emateak\/#breadcrumb","itemListElement":[{"@type":"ListItem","position":1,"name":"Portada","item":"https:\/\/bizkaikotortillakopa.eus\/eu\/hasiera\/"},{"@type":"ListItem","position":2,"name":"Izen-emateak"}]},{"@type":"WebSite","@id":"https:\/\/bizkaikotortillakopa.eus\/eu\/#website","url":"https:\/\/bizkaikotortillakopa.eus\/eu\/","name":"Bizkaiko Tortilla Kopa - La mejor tortilla de patata de Bizkaia.","description":"","publisher":{"@id":"https:\/\/bizkaikotortillakopa.eus\/eu\/#organization"},"potentialAction":[{"@type":"SearchAction","target":{"@type":"EntryPoint","urlTemplate":"https:\/\/bizkaikotortillakopa.eus\/eu\/?s={search_term_string}"},"query-input":{"@type":"PropertyValueSpecification","valueRequired":true,"valueName":"search_term_string"}}],"inLanguage":"eu-ES"},{"@type":"Organization","@id":"https:\/\/bizkaikotortillakopa.eus\/eu\/#organization","name":"Bizkaiko Tortilla Kopa - La tortilla de patata de Bizkaia.","url":"https:\/\/bizkaikotortillakopa.eus\/eu\/","logo":{"@type":"ImageObject","inLanguage":"eu-ES","@id":"https:\/\/bizkaikotortillakopa.eus\/eu\/#\/schema\/logo\/image\/","url":"https:\/\/bizkaikotortillakopa.eus\/wp-content\/uploads\/2024\/07\/logo-web-blanco-iii-bizkaiko-tortilla-kopa_footer_Mesa-de-trabajo-1-copia-e1721292204933.png","contentUrl":"https:\/\/bizkaikotortillakopa.eus\/wp-content\/uploads\/2024\/07\/logo-web-blanco-iii-bizkaiko-tortilla-kopa_footer_Mesa-de-trabajo-1-copia-e1721292204933.png","width":200,"height":149,"caption":"Bizkaiko Tortilla Kopa - La tortilla de patata de Bizkaia."},"image":{"@id":"https:\/\/bizkaikotortillakopa.eus\/eu\/#\/schema\/logo\/image\/"}}]}},"_links":{"self":[{"href":"https:\/\/bizkaikotortillakopa.eus\/eu\/wp-json\/wp\/v2\/pages\/4554","targetHints":{"allow":["GET"]}}],"collection":[{"href":"https:\/\/bizkaikotortillakopa.eus\/eu\/wp-json\/wp\/v2\/pages"}],"about":[{"href":"https:\/\/bizkaikotortillakopa.eus\/eu\/wp-json\/wp\/v2\/types\/page"}],"author":[{"embeddable":true,"href":"https:\/\/bizkaikotortillakopa.eus\/eu\/wp-json\/wp\/v2\/users\/1"}],"replies":[{"embeddable":true,"href":"https:\/\/bizkaikotortillakopa.eus\/eu\/wp-json\/wp\/v2\/comments?post=4554"}],"version-history":[{"count":8,"href":"https:\/\/bizkaikotortillakopa.eus\/eu\/wp-json\/wp\/v2\/pages\/4554\/revisions"}],"predecessor-version":[{"id":4623,"href":"https:\/\/bizkaikotortillakopa.eus\/eu\/wp-json\/wp\/v2\/pages\/4554\/revisions\/4623"}],"wp:featuredmedia":[{"embeddable":true,"href":"https:\/\/bizkaikotortillakopa.eus\/eu\/wp-json\/wp\/v2\/media\/4520"}],"wp:attachment":[{"href":"https:\/\/bizkaikotortillakopa.eus\/eu\/wp-json\/wp\/v2\/media?parent=4554"}],"curies":[{"name":"wp","href":"https:\/\/api.w.org\/{rel}","templated":true}]}}