{"id":4617,"date":"2016-04-05T12:46:55","date_gmt":"2016-04-05T10:46:55","guid":{"rendered":"https:\/\/bizkaikotortillakopa.eus\/kontaktua\/"},"modified":"2023-09-19T10:31:15","modified_gmt":"2023-09-19T08:31:15","slug":"kontaktua","status":"publish","type":"page","link":"https:\/\/bizkaikotortillakopa.eus\/eu\/kontaktua\/","title":{"rendered":"Kontaktua"},"content":{"rendered":"<div class=\"wpb-content-wrapper\"><p>[vc_row][vc_column]<h2 class=\"sc_title sc_title_regular sc_align_center\" style=\"text-align:center;\">JARIR GUREKIN HARREMANETAN<\/h2>[vc_empty_space height=&#8221;2em&#8221;][vc_column_text]<\/p>\n<p style=\"text-align: center;\"><span style=\"color: #000000;\"><strong>Zalantzaren bat baduzu edo Bizkaiko Tortilla Kopako kontsultaren bat egin nahi baduzu, jar zaitez gurekin harremanetan.<\/strong><\/span><\/p>\n<p>[\/vc_column_text][vc_empty_space height=&#8221;5em&#8221;][\/vc_column][\/vc_row][vc_row][vc_column width=&#8221;1\/2&#8243;][vc_single_image image=&#8221;2075&#8243; img_size=&#8221;medium&#8221; alignment=&#8221;center&#8221; onclick=&#8221;custom_link&#8221; img_link_target=&#8221;_blank&#8221; css_animation=&#8221;bounceIn&#8221; link=&#8221;https:\/\/www.asociacionhosteleria.com\/&#8221;][vc_row_inner][vc_column_inner width=&#8221;1\/4&#8243;][\/vc_column_inner][vc_column_inner width=&#8221;1\/2&#8243;][vc_column_text]<\/p>\n<p style=\"text-align: center;\"><span style=\"color: #000000;\"><strong>Gran V\u00eda 38, 2<sup>o<\/sup><\/strong><\/span><br \/>\n<span style=\"color: #000000;\"><strong>48009 Bilbao<\/strong><\/span><\/p>\n<p>[\/vc_column_text][vc_empty_space height=&#8221;20px&#8221;][vc_column_text]<\/p>\n<p style=\"text-align: center;\"><strong><span style=\"color: #000000;\">944 356 660<\/span><\/strong><\/p>\n<p>[\/vc_column_text][vc_empty_space height=&#8221;20px&#8221;][vc_column_text]<\/p>\n<p style=\"text-align: center;\"><strong><span style=\"color: #000000;\">info@bizkaikotortillakopa.eus<\/span><\/strong><\/p>\n<p>[\/vc_column_text][\/vc_column_inner][vc_column_inner width=&#8221;1\/4&#8243;][\/vc_column_inner][\/vc_row_inner][\/vc_column][vc_column width=&#8221;1\/2&#8243;][vc_empty_space height=&#8221;3em&#8221;][vc_column_text]<iframe loading=\"lazy\" style=\"border: 0;\" src=\"https:\/\/www.google.com\/maps\/embed?pb=!1m18!1m12!1m3!1d2905.4541539255492!2d-2.9358095837306495!3d43.26286047913674!2m3!1f0!2f0!3f0!3m2!1i1024!2i768!4f13.1!3m3!1m2!1s0xd4e4fd75f1cec11%3A0xc91c2ebd8ae9e340!2sAsociaci%C3%B3n%20de%20Hosteler%C3%ADa%20de%20Bizkaia%20-%20Bizkaiko%20Ostalaritza%20Elkartea!5e0!3m2!1ses!2ses!4v1658416983431!5m2!1ses!2ses\" width=\"600\" height=\"450\" allowfullscreen=\"allowfullscreen\"><\/iframe>[\/vc_column_text][vc_empty_space height=&#8221;100px&#8221;][\/vc_column][\/vc_row][vc_row full_width=&#8221;stretch_row_content_no_spaces&#8221; inverse=&#8221;yes&#8221; css=&#8221;.vc_custom_1694004508612{background-image: url(https:\/\/bizkaikotortillakopa.eus\/wp-content\/uploads\/2023\/09\/fondocontacto_BizkaikoTortillaKopa-1.jpg?id=3655) !important;background-position: center !important;background-repeat: no-repeat !important;background-size: cover !important;}&#8221;][vc_column]<div class=\"sc_content content_wrap margin_top_medium margin_bottom_medium\">[vc_empty_space height=&#8221;2em&#8221;][vc_column_text]<\/p>\n<h2 class=\"sc_form_title sc_item_title\">Kontaktu-formularioa<\/h2>\n<p>[\/vc_column_text]\n<div class=\"wpcf7 no-js\" id=\"wpcf7-f1620-o1\" lang=\"es-ES\" dir=\"ltr\" data-wpcf7-id=\"1620\">\n<div class=\"screen-reader-response\"><p role=\"status\" aria-live=\"polite\" aria-atomic=\"true\"><\/p> <ul><\/ul><\/div>\n<form action=\"\/eu\/wp-json\/wp\/v2\/pages\/4617#wpcf7-f1620-o1\" method=\"post\" class=\"wpcf7-form init\" aria-label=\"Contact form\" novalidate=\"novalidate\" data-status=\"init\">\n<fieldset class=\"hidden-fields-container\"><input type=\"hidden\" name=\"_wpcf7\" value=\"1620\" \/><input type=\"hidden\" name=\"_wpcf7_version\" value=\"6.1.5\" \/><input type=\"hidden\" name=\"_wpcf7_locale\" value=\"es_ES\" \/><input type=\"hidden\" name=\"_wpcf7_unit_tag\" value=\"wpcf7-f1620-o1\" \/><input type=\"hidden\" name=\"_wpcf7_container_post\" value=\"0\" \/><input type=\"hidden\" name=\"_wpcf7_posted_data_hash\" value=\"\" \/><input type=\"hidden\" name=\"_wpcf7_recaptcha_response\" value=\"\" \/>\n<\/fieldset>\n<div class=\"sc_form\">\n\t\t<div class=\"sc_form_info\">\n\t\t\t<div class=\"sc_form_item sc_form_field label_over\">\n\t\t\t\t<label>\n    \t\t\t\t<span class=\"wpcf7-form-control-wrap\" data-name=\"your-name\"><input size=\"40\" maxlength=\"400\" class=\"wpcf7-form-control wpcf7-text wpcf7-validates-as-required\" aria-required=\"true\" aria-invalid=\"false\" placeholder=\"Nombre*\" value=\"\" type=\"text\" name=\"your-name\" \/><\/span> <\/label>\n\t\t\t<\/div>\n\t\t\t<div class=\"sc_form_item sc_form_field label_over\">\n\t\t\t\t<label>\n    \t\t\t\t\t<span class=\"wpcf7-form-control-wrap\" data-name=\"your-email\"><input size=\"40\" maxlength=\"400\" class=\"wpcf7-form-control wpcf7-email wpcf7-validates-as-required wpcf7-text wpcf7-validates-as-email\" aria-required=\"true\" aria-invalid=\"false\" placeholder=\"Email*\" value=\"\" type=\"email\" name=\"your-email\" \/><\/span> <\/label>\n\t\t\t<\/div>\n\t\t<\/div>\n\t\t<div class=\"sc_form_info\">\n\t\t\t<div class=\"sc_form_item sc_form_field label_over\">\n\t\t\t\t<label>\n    \t\t\t<span class=\"wpcf7-form-control-wrap\" data-name=\"your-subject\"><input size=\"40\" maxlength=\"400\" class=\"wpcf7-form-control wpcf7-text\" aria-invalid=\"false\" placeholder=\"Asunto\" value=\"\" type=\"text\" name=\"your-subject\" \/><\/span> <\/label>\n\t\t\t<\/div>\n\t\t<\/div>\n\t\t<div class=\"sc_form_item sc_form_message label_over\"><label>\n    \t\t\t<span class=\"wpcf7-form-control-wrap\" data-name=\"your-message\"><textarea cols=\"40\" rows=\"10\" maxlength=\"2000\" class=\"wpcf7-form-control wpcf7-textarea\" aria-invalid=\"false\" placeholder=\"Mensaje\" name=\"your-message\"><\/textarea><\/span> <\/label>\n\t\t<\/div><br>\n\n<span class=\"wpcf7-form-control-wrap\" data-name=\"acceptance-555\"><span class=\"wpcf7-form-control wpcf7-acceptance\"><span class=\"wpcf7-list-item\"><label><input type=\"checkbox\" name=\"acceptance-555\" value=\"1\" checked=\"checked\" id=\"autorizacion\" aria-invalid=\"false\" \/><span class=\"wpcf7-list-item-label\">Autorizo expresamente el env\u00edo de comunicaciones comerciales por parte de la Asociaci\u00f3n de Hosteler\u00eda de Bizkaia<br \/><\/p><\/span><\/label><\/span><\/span><\/span>\n<span class=\"wpcf7-form-control-wrap\" data-name=\"acceptance-666\"><span class=\"wpcf7-form-control wpcf7-acceptance\"><span class=\"wpcf7-list-item\"><label><input type=\"checkbox\" name=\"acceptance-666\" value=\"1\" checked=\"checked\" id=\"privacidad\" aria-invalid=\"false\" \/><span class=\"wpcf7-list-item-label\">He le\u00eddo y acepto las condiciones indicadas en la <a href=\"https:\/\/www.bizkaikotortillakopa.eus\/politica-de-privacidad\/\" target=\"_blank\" rel=\"noopener noreferrer\">Pol\u00edtica de privacidad de Bizkaiko Tortilla Kopa<\/a><\/p><\/span><\/label><\/span><\/span><\/span><br>\n\n<span class=\"wpcf7-form-control-wrap recaptcha\" data-name=\"recaptcha\"><span data-sitekey=\"6LcZDQohAAAAACmLHkGhXJgy8aCQq3YSVOl1l2yZ\" data-align=\"center\" class=\"wpcf7-form-control wpcf7-recaptcha g-recaptcha\"><\/span>\r\n<noscript>\r\n\t<div class=\"grecaptcha-noscript\">\r\n\t\t<iframe loading=\"lazy\" src=\"https:\/\/www.google.com\/recaptcha\/api\/fallback?k=6LcZDQohAAAAACmLHkGhXJgy8aCQq3YSVOl1l2yZ\" frameborder=\"0\" scrolling=\"no\" width=\"310\" height=\"430\">\r\n\t\t<\/iframe>\r\n\t\t<textarea name=\"g-recaptcha-response\" rows=\"3\" cols=\"40\" placeholder=\"reCaptcha Response Here\">\r\n\t\t<\/textarea>\r\n\t<\/div>\r\n<\/noscript>\r\n<\/span><br>\n\n\t\t<div class=\"sc_form_item sc_form_button\"><input class=\"wpcf7-form-control wpcf7-submit has-spinner\" type=\"submit\" value=\"ENVIAR\" \/><\/div>\n<\/div><p style=\"display: none !important;\" class=\"akismet-fields-container\" data-prefix=\"_wpcf7_ak_\"><label>&#916;<textarea name=\"_wpcf7_ak_hp_textarea\" cols=\"45\" rows=\"8\" maxlength=\"100\"><\/textarea><\/label><input type=\"hidden\" id=\"ak_js_1\" name=\"_wpcf7_ak_js\" value=\"13\"\/><script>document.getElementById( \"ak_js_1\" ).setAttribute( \"value\", ( new Date() ).getTime() );<\/script><\/p><div class=\"wpcf7-response-output\" aria-hidden=\"true\"><\/div>\n<\/form>\n<\/div>\n[vc_empty_space height=&#8221;2em&#8221;]<\/div>[\/vc_column][\/vc_row]<\/p>\n<\/div>","protected":false},"excerpt":{"rendered":"<p>[vc_row][vc_column][vc_empty_space height=&#8221;2em&#8221;][vc_column_text] Zalantzaren bat baduzu edo Bizkaiko Tortilla Kopako kontsultaren bat egin nahi baduzu, jar zaitez gurekin harremanetan. [\/vc_column_text][vc_empty_space height=&#8221;5em&#8221;][\/vc_column][\/vc_row][vc_row][vc_column width=&#8221;1\/2&#8243;][vc_single_image image=&#8221;2075&#8243; img_size=&#8221;medium&#8221; alignment=&#8221;center&#8221; onclick=&#8221;custom_link&#8221; img_link_target=&#8221;_blank&#8221; css_animation=&#8221;bounceIn&#8221; link=&#8221;https:\/\/www.asociacionhosteleria.com\/&#8221;][vc_row_inner][vc_column_inner width=&#8221;1\/4&#8243;][\/vc_column_inner][vc_column_inner width=&#8221;1\/2&#8243;][vc_column_text] Gran V\u00eda 38, 2o 48009 Bilbao [\/vc_column_text][vc_empty_space height=&#8221;20px&#8221;][vc_column_text] 944 356 660 [\/vc_column_text][vc_empty_space height=&#8221;20px&#8221;][vc_column_text] info@bizkaikotortillakopa.eus [\/vc_column_text][\/vc_column_inner][vc_column_inner width=&#8221;1\/4&#8243;][\/vc_column_inner][\/vc_row_inner][\/vc_column][vc_column width=&#8221;1\/2&#8243;][vc_empty_space height=&#8221;3em&#8221;][vc_column_text][\/vc_column_text][vc_empty_space height=&#8221;100px&#8221;][\/vc_column][\/vc_row][vc_row full_width=&#8221;stretch_row_content_no_spaces&#8221; inverse=&#8221;yes&#8221; css=&#8221;.vc_custom_1694004508612{background-image: url(https:\/\/bizkaikotortillakopa.eus\/wp-content\/uploads\/2023\/09\/fondocontacto_BizkaikoTortillaKopa-1.jpg?id=3655) !important;background-position: center [&hellip;]<\/p>\n","protected":false},"author":1,"featured_media":0,"parent":0,"menu_order":0,"comment_status":"closed","ping_status":"closed","template":"","meta":{"footnotes":""},"class_list":["post-4617","page","type-page","status-publish","hentry"],"yoast_head":"<!-- This site is optimized with the Yoast SEO plugin v27.4 - https:\/\/yoast.com\/product\/yoast-seo-wordpress\/ -->\n<title>Kontaktua - Bizkaiko Tortilla Kopa - Buscamos la mejor tortilla de patata de Bizkaia.<\/title>\n<meta name=\"robots\" content=\"index, follow, max-snippet:-1, max-image-preview:large, max-video-preview:-1\" \/>\n<link rel=\"canonical\" href=\"https:\/\/bizkaikotortillakopa.eus\/eu\/kontaktua\/\" \/>\n<meta property=\"og:locale\" content=\"eu_ES\" \/>\n<meta property=\"og:type\" content=\"article\" \/>\n<meta property=\"og:title\" content=\"Kontaktua - Bizkaiko Tortilla Kopa - Buscamos la mejor tortilla de patata de Bizkaia.\" \/>\n<meta property=\"og:description\" content=\"[vc_row][vc_column][vc_empty_space height=&#8221;2em&#8221;][vc_column_text] Zalantzaren bat baduzu edo Bizkaiko Tortilla Kopako kontsultaren bat egin nahi baduzu, jar zaitez gurekin harremanetan. [\/vc_column_text][vc_empty_space height=&#8221;5em&#8221;][\/vc_column][\/vc_row][vc_row][vc_column width=&#8221;1\/2&#8243;][vc_single_image image=&#8221;2075&#8243; img_size=&#8221;medium&#8221; alignment=&#8221;center&#8221; onclick=&#8221;custom_link&#8221; img_link_target=&#8221;_blank&#8221; css_animation=&#8221;bounceIn&#8221; link=&#8221;https:\/\/www.asociacionhosteleria.com\/&#8221;][vc_row_inner][vc_column_inner width=&#8221;1\/4&#8243;][\/vc_column_inner][vc_column_inner width=&#8221;1\/2&#8243;][vc_column_text] Gran V\u00eda 38, 2o 48009 Bilbao [\/vc_column_text][vc_empty_space height=&#8221;20px&#8221;][vc_column_text] 944 356 660 [\/vc_column_text][vc_empty_space height=&#8221;20px&#8221;][vc_column_text] info@bizkaikotortillakopa.eus [\/vc_column_text][\/vc_column_inner][vc_column_inner width=&#8221;1\/4&#8243;][\/vc_column_inner][\/vc_row_inner][\/vc_column][vc_column width=&#8221;1\/2&#8243;][vc_empty_space height=&#8221;3em&#8221;][vc_column_text][\/vc_column_text][vc_empty_space height=&#8221;100px&#8221;][\/vc_column][\/vc_row][vc_row full_width=&#8221;stretch_row_content_no_spaces&#8221; inverse=&#8221;yes&#8221; css=&#8221;.vc_custom_1694004508612{background-image: url(https:\/\/bizkaikotortillakopa.eus\/wp-content\/uploads\/2023\/09\/fondocontacto_BizkaikoTortillaKopa-1.jpg?id=3655) !important;background-position: center [&hellip;]\" \/>\n<meta property=\"og:url\" content=\"https:\/\/bizkaikotortillakopa.eus\/eu\/kontaktua\/\" \/>\n<meta property=\"og:site_name\" content=\"Bizkaiko Tortilla Kopa - Buscamos la mejor tortilla de patata de Bizkaia.\" \/>\n<meta property=\"article:modified_time\" content=\"2023-09-19T08:31:15+00:00\" \/>\n<meta name=\"twitter:card\" content=\"summary_large_image\" \/>\n<meta name=\"twitter:label1\" content=\"Est. reading time\" \/>\n\t<meta name=\"twitter:data1\" content=\"1 minute\" \/>\n<script type=\"application\/ld+json\" class=\"yoast-schema-graph\">{\"@context\":\"https:\\\/\\\/schema.org\",\"@graph\":[{\"@type\":\"WebPage\",\"@id\":\"https:\\\/\\\/bizkaikotortillakopa.eus\\\/eu\\\/kontaktua\\\/\",\"url\":\"https:\\\/\\\/bizkaikotortillakopa.eus\\\/eu\\\/kontaktua\\\/\",\"name\":\"Kontaktua - Bizkaiko Tortilla Kopa - Buscamos la mejor tortilla de patata de Bizkaia.\",\"isPartOf\":{\"@id\":\"https:\\\/\\\/bizkaikotortillakopa.eus\\\/eu\\\/#website\"},\"datePublished\":\"2016-04-05T10:46:55+00:00\",\"dateModified\":\"2023-09-19T08:31:15+00:00\",\"breadcrumb\":{\"@id\":\"https:\\\/\\\/bizkaikotortillakopa.eus\\\/eu\\\/kontaktua\\\/#breadcrumb\"},\"inLanguage\":\"eu-ES\",\"potentialAction\":[{\"@type\":\"ReadAction\",\"target\":[\"https:\\\/\\\/bizkaikotortillakopa.eus\\\/eu\\\/kontaktua\\\/\"]}]},{\"@type\":\"BreadcrumbList\",\"@id\":\"https:\\\/\\\/bizkaikotortillakopa.eus\\\/eu\\\/kontaktua\\\/#breadcrumb\",\"itemListElement\":[{\"@type\":\"ListItem\",\"position\":1,\"name\":\"Portada\",\"item\":\"https:\\\/\\\/bizkaikotortillakopa.eus\\\/eu\\\/hasiera\\\/\"},{\"@type\":\"ListItem\",\"position\":2,\"name\":\"Kontaktua\"}]},{\"@type\":\"WebSite\",\"@id\":\"https:\\\/\\\/bizkaikotortillakopa.eus\\\/eu\\\/#website\",\"url\":\"https:\\\/\\\/bizkaikotortillakopa.eus\\\/eu\\\/\",\"name\":\"Bizkaiko Tortilla Kopa - La mejor tortilla de patata de Bizkaia.\",\"description\":\"\",\"publisher\":{\"@id\":\"https:\\\/\\\/bizkaikotortillakopa.eus\\\/eu\\\/#organization\"},\"potentialAction\":[{\"@type\":\"SearchAction\",\"target\":{\"@type\":\"EntryPoint\",\"urlTemplate\":\"https:\\\/\\\/bizkaikotortillakopa.eus\\\/eu\\\/?s={search_term_string}\"},\"query-input\":{\"@type\":\"PropertyValueSpecification\",\"valueRequired\":true,\"valueName\":\"search_term_string\"}}],\"inLanguage\":\"eu-ES\"},{\"@type\":\"Organization\",\"@id\":\"https:\\\/\\\/bizkaikotortillakopa.eus\\\/eu\\\/#organization\",\"name\":\"Bizkaiko Tortilla Kopa - La tortilla de patata de Bizkaia.\",\"url\":\"https:\\\/\\\/bizkaikotortillakopa.eus\\\/eu\\\/\",\"logo\":{\"@type\":\"ImageObject\",\"inLanguage\":\"eu-ES\",\"@id\":\"https:\\\/\\\/bizkaikotortillakopa.eus\\\/eu\\\/#\\\/schema\\\/logo\\\/image\\\/\",\"url\":\"https:\\\/\\\/bizkaikotortillakopa.eus\\\/wp-content\\\/uploads\\\/2024\\\/07\\\/logo-web-blanco-iii-bizkaiko-tortilla-kopa_footer_Mesa-de-trabajo-1-copia-e1721292204933.png\",\"contentUrl\":\"https:\\\/\\\/bizkaikotortillakopa.eus\\\/wp-content\\\/uploads\\\/2024\\\/07\\\/logo-web-blanco-iii-bizkaiko-tortilla-kopa_footer_Mesa-de-trabajo-1-copia-e1721292204933.png\",\"width\":200,\"height\":149,\"caption\":\"Bizkaiko Tortilla Kopa - La tortilla de patata de Bizkaia.\"},\"image\":{\"@id\":\"https:\\\/\\\/bizkaikotortillakopa.eus\\\/eu\\\/#\\\/schema\\\/logo\\\/image\\\/\"}}]}<\/script>\n<!-- \/ Yoast SEO plugin. -->","yoast_head_json":{"title":"Kontaktua - Bizkaiko Tortilla Kopa - Buscamos la mejor tortilla de patata de Bizkaia.","robots":{"index":"index","follow":"follow","max-snippet":"max-snippet:-1","max-image-preview":"max-image-preview:large","max-video-preview":"max-video-preview:-1"},"canonical":"https:\/\/bizkaikotortillakopa.eus\/eu\/kontaktua\/","og_locale":"eu_ES","og_type":"article","og_title":"Kontaktua - Bizkaiko Tortilla Kopa - Buscamos la mejor tortilla de patata de Bizkaia.","og_description":"[vc_row][vc_column][vc_empty_space height=&#8221;2em&#8221;][vc_column_text] Zalantzaren bat baduzu edo Bizkaiko Tortilla Kopako kontsultaren bat egin nahi baduzu, jar zaitez gurekin harremanetan. [\/vc_column_text][vc_empty_space height=&#8221;5em&#8221;][\/vc_column][\/vc_row][vc_row][vc_column width=&#8221;1\/2&#8243;][vc_single_image image=&#8221;2075&#8243; img_size=&#8221;medium&#8221; alignment=&#8221;center&#8221; onclick=&#8221;custom_link&#8221; img_link_target=&#8221;_blank&#8221; css_animation=&#8221;bounceIn&#8221; link=&#8221;https:\/\/www.asociacionhosteleria.com\/&#8221;][vc_row_inner][vc_column_inner width=&#8221;1\/4&#8243;][\/vc_column_inner][vc_column_inner width=&#8221;1\/2&#8243;][vc_column_text] Gran V\u00eda 38, 2o 48009 Bilbao [\/vc_column_text][vc_empty_space height=&#8221;20px&#8221;][vc_column_text] 944 356 660 [\/vc_column_text][vc_empty_space height=&#8221;20px&#8221;][vc_column_text] info@bizkaikotortillakopa.eus [\/vc_column_text][\/vc_column_inner][vc_column_inner width=&#8221;1\/4&#8243;][\/vc_column_inner][\/vc_row_inner][\/vc_column][vc_column width=&#8221;1\/2&#8243;][vc_empty_space height=&#8221;3em&#8221;][vc_column_text][\/vc_column_text][vc_empty_space height=&#8221;100px&#8221;][\/vc_column][\/vc_row][vc_row full_width=&#8221;stretch_row_content_no_spaces&#8221; inverse=&#8221;yes&#8221; css=&#8221;.vc_custom_1694004508612{background-image: url(https:\/\/bizkaikotortillakopa.eus\/wp-content\/uploads\/2023\/09\/fondocontacto_BizkaikoTortillaKopa-1.jpg?id=3655) !important;background-position: center [&hellip;]","og_url":"https:\/\/bizkaikotortillakopa.eus\/eu\/kontaktua\/","og_site_name":"Bizkaiko Tortilla Kopa - Buscamos la mejor tortilla de patata de Bizkaia.","article_modified_time":"2023-09-19T08:31:15+00:00","twitter_card":"summary_large_image","twitter_misc":{"Est. reading time":"1 minute"},"schema":{"@context":"https:\/\/schema.org","@graph":[{"@type":"WebPage","@id":"https:\/\/bizkaikotortillakopa.eus\/eu\/kontaktua\/","url":"https:\/\/bizkaikotortillakopa.eus\/eu\/kontaktua\/","name":"Kontaktua - Bizkaiko Tortilla Kopa - Buscamos la mejor tortilla de patata de Bizkaia.","isPartOf":{"@id":"https:\/\/bizkaikotortillakopa.eus\/eu\/#website"},"datePublished":"2016-04-05T10:46:55+00:00","dateModified":"2023-09-19T08:31:15+00:00","breadcrumb":{"@id":"https:\/\/bizkaikotortillakopa.eus\/eu\/kontaktua\/#breadcrumb"},"inLanguage":"eu-ES","potentialAction":[{"@type":"ReadAction","target":["https:\/\/bizkaikotortillakopa.eus\/eu\/kontaktua\/"]}]},{"@type":"BreadcrumbList","@id":"https:\/\/bizkaikotortillakopa.eus\/eu\/kontaktua\/#breadcrumb","itemListElement":[{"@type":"ListItem","position":1,"name":"Portada","item":"https:\/\/bizkaikotortillakopa.eus\/eu\/hasiera\/"},{"@type":"ListItem","position":2,"name":"Kontaktua"}]},{"@type":"WebSite","@id":"https:\/\/bizkaikotortillakopa.eus\/eu\/#website","url":"https:\/\/bizkaikotortillakopa.eus\/eu\/","name":"Bizkaiko Tortilla Kopa - La mejor tortilla de patata de Bizkaia.","description":"","publisher":{"@id":"https:\/\/bizkaikotortillakopa.eus\/eu\/#organization"},"potentialAction":[{"@type":"SearchAction","target":{"@type":"EntryPoint","urlTemplate":"https:\/\/bizkaikotortillakopa.eus\/eu\/?s={search_term_string}"},"query-input":{"@type":"PropertyValueSpecification","valueRequired":true,"valueName":"search_term_string"}}],"inLanguage":"eu-ES"},{"@type":"Organization","@id":"https:\/\/bizkaikotortillakopa.eus\/eu\/#organization","name":"Bizkaiko Tortilla Kopa - La tortilla de patata de Bizkaia.","url":"https:\/\/bizkaikotortillakopa.eus\/eu\/","logo":{"@type":"ImageObject","inLanguage":"eu-ES","@id":"https:\/\/bizkaikotortillakopa.eus\/eu\/#\/schema\/logo\/image\/","url":"https:\/\/bizkaikotortillakopa.eus\/wp-content\/uploads\/2024\/07\/logo-web-blanco-iii-bizkaiko-tortilla-kopa_footer_Mesa-de-trabajo-1-copia-e1721292204933.png","contentUrl":"https:\/\/bizkaikotortillakopa.eus\/wp-content\/uploads\/2024\/07\/logo-web-blanco-iii-bizkaiko-tortilla-kopa_footer_Mesa-de-trabajo-1-copia-e1721292204933.png","width":200,"height":149,"caption":"Bizkaiko Tortilla Kopa - La tortilla de patata de Bizkaia."},"image":{"@id":"https:\/\/bizkaikotortillakopa.eus\/eu\/#\/schema\/logo\/image\/"}}]}},"_links":{"self":[{"href":"https:\/\/bizkaikotortillakopa.eus\/eu\/wp-json\/wp\/v2\/pages\/4617","targetHints":{"allow":["GET"]}}],"collection":[{"href":"https:\/\/bizkaikotortillakopa.eus\/eu\/wp-json\/wp\/v2\/pages"}],"about":[{"href":"https:\/\/bizkaikotortillakopa.eus\/eu\/wp-json\/wp\/v2\/types\/page"}],"author":[{"embeddable":true,"href":"https:\/\/bizkaikotortillakopa.eus\/eu\/wp-json\/wp\/v2\/users\/1"}],"replies":[{"embeddable":true,"href":"https:\/\/bizkaikotortillakopa.eus\/eu\/wp-json\/wp\/v2\/comments?post=4617"}],"version-history":[{"count":7,"href":"https:\/\/bizkaikotortillakopa.eus\/eu\/wp-json\/wp\/v2\/pages\/4617\/revisions"}],"predecessor-version":[{"id":4625,"href":"https:\/\/bizkaikotortillakopa.eus\/eu\/wp-json\/wp\/v2\/pages\/4617\/revisions\/4625"}],"wp:attachment":[{"href":"https:\/\/bizkaikotortillakopa.eus\/eu\/wp-json\/wp\/v2\/media?parent=4617"}],"curies":[{"name":"wp","href":"https:\/\/api.w.org\/{rel}","templated":true}]}}